{"id":130,"date":"2020-11-29T13:44:47","date_gmt":"2020-11-29T13:44:47","guid":{"rendered":"http:\/\/madameplanb.de\/?page_id=130"},"modified":"2021-01-03T18:54:26","modified_gmt":"2021-01-03T18:54:26","slug":"ueber-mich","status":"publish","type":"page","link":"https:\/\/madameplanb.de\/startseite\/ueber-mich\/","title":{"rendered":"\u00dcber mich"},"content":{"rendered":"\n<p><strong>WER BIN ICH?<\/strong><\/p>\n\n\n\n<p>Hallo ich bin Steffi, begeistert von jeglichen DIY-Projekten und der kreative Kopf hinter \u201eMadamePlanB\u201c.<\/p>\n\n\n\n<p>Ich liebe es Dinge zu versch\u00f6nern, meine Wohnung stets umzugestalten, Menschen eine Freude zu machen und ihnen die Wertsch\u00e4tzung zu geben, die Sie verdient haben. Wie sollte man Wertsch\u00e4tzung besser ausdr\u00fccken als ihnen Zeit oder etwas Selbstgemachtes, das von Herzen kommt, zu schenken?<\/p>\n\n\n\n<p>Angefangen hat bis jetzt fast jedes DIY-Projekt immer mit dem gleichen Gedanken: \u201eMir gef\u00e4llt das, ich m\u00f6chte das verschenken und manchmal auch selbst haben, ABER die Farbe finde ich gar nicht gut oder das ist zu gro\u00df\/klein oder dieses und jenes k\u00f6nnte man besser machen oder das ist viel zu teuer oder ich kriege das bestimmt besser hin oder wie kann man das etwas pers\u00f6nlicher gestalten usw\u2026.\u201c <\/p>\n\n\n\n<p>Manchmal starte ich ein DIY-Projekt schon mit einem konkretem Plan im Kopf, manchmal &#8222;werkl&#8220; ich einfach drauf los und schau mal wo ich raus komm. Jedoch bleibe ich einem Motto stets treu &#8222;<strong>Geht nicht, gibt&#8217;s nicht!<\/strong>&#8222;. <\/p>\n\n\n\n<p>Nach Jahre langem Sticheln meines Freundes, ich soll doch mal einen Blog \u00fcber meine kleinen DIY-Projekte machen, nehme ich 2020 die Herausforderung an und m\u00f6chte meine Ideen mit euch teilen und hoffe ihr habt eben so viel Freude am kreativ sein wie ich \ud83d\ude42<\/p>\n\n\n\n<p><strong>DAS BIN ICH <\/strong><\/p>\n\n\n\n<figure class=\"wp-block-image size-large is-resized\"><img loading=\"lazy\" decoding=\"async\" src=\"http:\/\/madameplanb.de\/wp-content\/uploads\/2020\/11\/ich.png\" alt=\"\" class=\"wp-image-18\" width=\"289\" height=\"291\" srcset=\"https:\/\/madameplanb.de\/wp-content\/uploads\/2020\/11\/ich.png 578w, https:\/\/madameplanb.de\/wp-content\/uploads\/2020\/11\/ich-298x300.png 298w, https:\/\/madameplanb.de\/wp-content\/uploads\/2020\/11\/ich-150x150.png 150w, https:\/\/madameplanb.de\/wp-content\/uploads\/2020\/11\/ich-140x140.png 140w, https:\/\/madameplanb.de\/wp-content\/uploads\/2020\/11\/ich-50x50.png 50w, https:\/\/madameplanb.de\/wp-content\/uploads\/2020\/11\/ich-80x80.png 80w\" sizes=\"auto, (max-width: 289px) 100vw, 289px\" \/><figcaption> <\/figcaption><\/figure>\n","protected":false},"excerpt":{"rendered":"<p>WER BIN ICH? Hallo ich bin Steffi, begeistert von jeglichen DIY-Projekten und der kreative Kopf hinter \u201eMadamePlanB\u201c. Ich liebe es&hellip;<\/p>\n","protected":false},"author":1,"featured_media":0,"parent":0,"menu_order":0,"comment_status":"closed","ping_status":"closed","template":"","meta":{"footnotes":""},"class_list":["post-130","page","type-page","status-publish","hentry"],"_links":{"self":[{"href":"https:\/\/madameplanb.de\/startseite\/wp-json\/wp\/v2\/pages\/130","targetHints":{"allow":["GET"]}}],"collection":[{"href":"https:\/\/madameplanb.de\/startseite\/wp-json\/wp\/v2\/pages"}],"about":[{"href":"https:\/\/madameplanb.de\/startseite\/wp-json\/wp\/v2\/types\/page"}],"author":[{"embeddable":true,"href":"https:\/\/madameplanb.de\/startseite\/wp-json\/wp\/v2\/users\/1"}],"replies":[{"embeddable":true,"href":"https:\/\/madameplanb.de\/startseite\/wp-json\/wp\/v2\/comments?post=130"}],"version-history":[{"count":6,"href":"https:\/\/madameplanb.de\/startseite\/wp-json\/wp\/v2\/pages\/130\/revisions"}],"predecessor-version":[{"id":443,"href":"https:\/\/madameplanb.de\/startseite\/wp-json\/wp\/v2\/pages\/130\/revisions\/443"}],"wp:attachment":[{"href":"https:\/\/madameplanb.de\/startseite\/wp-json\/wp\/v2\/media?parent=130"}],"curies":[{"name":"wp","href":"https:\/\/api.w.org\/{rel}","templated":true}]}}